{"id":604,"date":"2024-05-16T22:58:21","date_gmt":"2024-05-16T20:58:21","guid":{"rendered":"https:\/\/casaprima.ch\/?page_id=604"},"modified":"2024-05-16T22:58:21","modified_gmt":"2024-05-16T20:58:21","slug":"impressum","status":"publish","type":"page","link":"https:\/\/casaprima.ch\/en\/impressum\/","title":{"rendered":"imprint"},"content":{"rendered":"<h3 class=\"wp-block-heading\">Contact address<\/h3>\n\n\n\n<p>Casaprima Real Estate AG<br>Rainstrasse 5<br>8192 Glattfelden<br>Switzerland<br>043 511 44 88<br><a href=\"mailto:info@casaprima.ch\">info@casaprima.ch<\/a><\/p>\n\n\n\n<p><strong>Authorized representatives<\/strong><br>Claudia Mamone (-Schmidtpeter)<\/p>\n\n\n\n<p>Company name: Casaprima Immobilien AG<br>Registration number: CHE-241.540.789<br>VAT identification number: CHE-241.540.789 VAT<\/p>\n\n\n\n<h3 class=\"wp-block-heading\">Registered company name:<\/h3>\n\n\n\n<p>The author assumes no liability for the correctness, accuracy, timeliness, reliability and completeness of the information.<br>Liability claims against the author for material or immaterial damages resulting from access to, use of or non-use of the published information, misuse of the connection or technical malfunctions are excluded.<\/p>\n\n\n\n<p>All offers are non-binding. The author reserves the express right to change, add to or delete parts of the pages or the entire offer without prior notice, or to temporarily or permanently stop publication.<\/p>\n\n\n\n<h3 class=\"wp-block-heading\">Disclaimer for content and links<\/h3>\n\n\n\n<p>References and links to third-party websites are outside our area of responsibility. We reject any responsibility for such websites. Access to and use of such websites is at the user&#039;s own risk.<\/p>\n\n\n\n<h3 class=\"wp-block-heading\">Copyright statement<\/h3>\n\n\n\n<p>The copyright and all other rights to content, images, photos or other files on this website belong exclusively to Casaprima Immobilien AG or the specifically named rights holders. The written consent of the copyright holder must be obtained in advance for the reproduction of any elements.<\/p>\n\n\n\n<h3 class=\"wp-block-heading\">data protection<\/h3>\n\n\n\n<p>Based on Article 13 of the Swiss Federal Constitution and the federal data protection regulations (Data Protection Act, DSG), every person has the right to protection of their privacy and protection against misuse of their personal data. We comply with these regulations. Personal data is treated with the utmost confidentiality.<\/p>\n\n\n\n<p>Source:&nbsp;<a href=\"https:\/\/brainbox.swiss\/\" target=\"_blank\" rel=\"noreferrer noopener\">BrainBox Solutions<\/a><\/p>","protected":false},"excerpt":{"rendered":"<p>Kontakt-Adresse Casaprima Immobilien AGRainstrasse 58192 GlattfeldenSchweiz043 511 44 88info@casaprima.ch Vertretungsberechtigte PersonenClaudia Mamone (-Schmidtpeter) Name des Unternehmens: Casaprima Immobilien AGRegistrationsnummer: CHE-241.540.789Umsatzsteuer-Identifikationsnummer: CHE-241.540.789 MWST Eingetragener Firmenname: Der Autor \u00fcbernimmt keine Gew\u00e4hr f\u00fcr die Richtigkeit, Genauigkeit, Aktualit\u00e4t, Zuverl\u00e4ssigkeit und Vollst\u00e4ndigkeit der Informationen.Haftungsanspr\u00fcche gegen den Autor wegen Sch\u00e4den materieller oder immaterieller Art, die aus dem Zugriff oder der Nutzung [&hellip;]<\/p>\n","protected":false},"author":1,"featured_media":0,"parent":0,"menu_order":0,"comment_status":"closed","ping_status":"closed","template":"","meta":{"_monsterinsights_skip_tracking":false,"_monsterinsights_sitenote_active":false,"_monsterinsights_sitenote_note":"","_monsterinsights_sitenote_category":0,"iawp_total_views":106,"footnotes":""},"class_list":["post-604","page","type-page","status-publish","hentry"],"_links":{"self":[{"href":"https:\/\/casaprima.ch\/en\/wp-json\/wp\/v2\/pages\/604","targetHints":{"allow":["GET"]}}],"collection":[{"href":"https:\/\/casaprima.ch\/en\/wp-json\/wp\/v2\/pages"}],"about":[{"href":"https:\/\/casaprima.ch\/en\/wp-json\/wp\/v2\/types\/page"}],"author":[{"embeddable":true,"href":"https:\/\/casaprima.ch\/en\/wp-json\/wp\/v2\/users\/1"}],"replies":[{"embeddable":true,"href":"https:\/\/casaprima.ch\/en\/wp-json\/wp\/v2\/comments?post=604"}],"version-history":[{"count":0,"href":"https:\/\/casaprima.ch\/en\/wp-json\/wp\/v2\/pages\/604\/revisions"}],"wp:attachment":[{"href":"https:\/\/casaprima.ch\/en\/wp-json\/wp\/v2\/media?parent=604"}],"curies":[{"name":"wp","href":"https:\/\/api.w.org\/{rel}","templated":true}]}}